{"id":103,"date":"2015-01-17T17:15:30","date_gmt":"2015-01-17T15:15:30","guid":{"rendered":"https:\/\/old.laapc.lv\/?page_id=103"},"modified":"2021-05-27T14:03:30","modified_gmt":"2021-05-27T12:03:30","slug":"darbinieki","status":"publish","type":"page","link":"https:\/\/old.laapc.lv\/en\/par-mums\/darbinieki\/","title":{"rendered":"Employees"},"content":{"rendered":"<p><\/p>\n<h5>ADMINISTRATION<\/h5>\n<div id=\"employees\">\n<div id=\"employee-block\">\n<p><a href=\"http:\/\/www.laapc.lv\/wp-content\/uploads\/2016\/09\/Kaspars_Gulbis_130x195.jpg\"><img loading=\"lazy\" class=\"aligncenter size-full wp-image-1875\" src=\"http:\/\/www.laapc.lv\/wp-content\/uploads\/2016\/09\/Kaspars_Gulbis_130x195.jpg\" alt=\"kaspars_gulbis_130x195\" width=\"130\" height=\"195\" \/><\/a><\/p>\n<div id=\"emp-dsc\"><b>Kaspars Gulbis<\/b>, M.sc.agr.<br \/>\nMember of Board<br \/>\nkaspars.gulbis@laapc.lv<br \/>\nPhone: 67551265| Mob. 25775586<\/div>\n<\/div>\n<div id=\"employee-block\">\n<p><img src=\"http:\/\/www.laapc.lv\/wp-content\/uploads\/2015\/02\/empty.jpg\" alt=\"\" \/><\/p>\n<div id=\"emp-dsc\"><b>Aija Gaine<\/b>, M.sc.agr.<br \/>\nAccountant<br \/>\naija.gaine@laapc.lv<br \/>\nMob.: 29351377<\/div>\n<\/div>\n<div id=\"employee-block\">\n<p><a href=\"http:\/\/www.laapc.lv\/wp-content\/uploads\/2015\/02\/empty.jpg\"><img loading=\"lazy\" class=\"aligncenter size-full wp-image-1863\" src=\"http:\/\/www.laapc.lv\/wp-content\/uploads\/2015\/02\/empty.jpg\" alt=\"dagnija_steina_130x195\" width=\"130\" height=\"195\" \/><\/a><\/p>\n<div id=\"emp-dsc\"><b>Inguna Dravi\u0146a<\/b>, B.sc.oec.<br \/>\nAccount Assistant<br \/>\ninguna.dravina@laapc.lv<br \/>\nPhone: 67551265<\/div>\n<\/div>\n<\/div>\n<div id=\"employees\">\n<div id=\"employee-block\">\n<p><a href=\"http:\/\/www.laapc.lv\/wp-content\/uploads\/2016\/09\/Ilona_Kauli\u0146a_130x195.jpg\"><img loading=\"lazy\" class=\"aligncenter size-full wp-image-1867\" src=\"http:\/\/www.laapc.lv\/wp-content\/uploads\/2016\/09\/Ilona_Kauli\u0146a_130x195.jpg\" alt=\"ilona_kaulina_130x195\" width=\"130\" height=\"195\" \/><\/a><\/p>\n<div id=\"emp-dsc\"><b>Ilona Kauli\u0146a<\/b>, M.sc.oec.<br \/>\nOffice Administrator<br \/>\nilona.kaulina@laapc.lv<br \/>\nPhone: 67551265<\/div>\n<\/div>\n<h5>WEED RESEARCH GROUP<\/h5>\n<div id=\"employees\">\n<div id=\"employee-block\">\n<p><a href=\"http:\/\/www.laapc.lv\/wp-content\/uploads\/2016\/09\/Zane_Mint\u0101le_130x195.jpg\"><img loading=\"lazy\" class=\"aligncenter size-full wp-image-1885\" src=\"http:\/\/www.laapc.lv\/wp-content\/uploads\/2016\/09\/Zane_Mint\u0101le_130x195.jpg\" alt=\"zane_mintale_130x195\" width=\"130\" height=\"195\" \/><\/a><\/p>\n<div id=\"emp-dsc\"><b>Zane Erdmane<\/b>, M.sc.biol.<br \/>\nHead of group<br \/>\nzane.erdmane@laapc.lv<br \/>\nMob.: 26334338<\/div>\n<\/div>\n<div id=\"employee-block\">\n<p><img src=\"http:\/\/www.laapc.lv\/wp-content\/uploads\/2015\/02\/empty.jpg\" alt=\"\" \/><\/p>\n<div id=\"emp-dsc\"><b>Lelde Stirna<\/b>, M.sc.biol.<br \/>\nDeputy Head of group<br \/>\nlelde.stirna@laapc.lv<br \/>\nMob.\u00a025601072<\/div>\n<\/div>\n<div id=\"employee-block\">\n<p><a href=\"http:\/\/www.laapc.lv\/wp-content\/uploads\/2016\/09\/Anda_Isoda-Krasovska_130x195.jpg\"><img loading=\"lazy\" class=\"aligncenter size-full wp-image-1861\" src=\"http:\/\/www.laapc.lv\/wp-content\/uploads\/2016\/09\/Anda_Isoda-Krasovska_130x195.jpg\" alt=\"anda_isoda-krasovska_130x195\" width=\"130\" height=\"195\" \/><\/a><\/p>\n<div id=\"emp-dsc\"><b>Anda Isoda &#8211; Krasovska<\/b>,\u00a0M.sc.biol.\u00a0<strong><em>&#8211; (maternity leave)<\/em><\/strong><br \/>\nDeputy Head of group<br \/>\nanda.isoda@laapc.lv<br \/>\nMob. 26235891<\/div>\n<\/div>\n<\/div>\n<div id=\"employees\">\n<div id=\"employee-block\">\n<p><a href=\"http:\/\/www.laapc.lv\/wp-content\/uploads\/2016\/09\/Liene_Spuri\u0146a_130x195.jpg\"><img loading=\"lazy\" class=\"aligncenter size-full wp-image-1878\" src=\"http:\/\/www.laapc.lv\/wp-content\/uploads\/2016\/09\/Liene_Spuri\u0146a_130x195.jpg\" alt=\"liene_spurina_130x195\" width=\"130\" height=\"195\" \/><\/a><\/p>\n<div id=\"emp-dsc\"><b>Liene Spuri\u0146a<\/b>, M.sc.agr.<br \/>\nPlant protection specialist<br \/>\nliene.spurina@laapc.lv<br \/>\nMob. 25775528<\/div>\n<\/div>\n<div id=\"employee-block\">\n<p><img src=\"http:\/\/www.laapc.lv\/wp-content\/uploads\/2015\/02\/empty.jpg\" alt=\"\" \/><\/p>\n<div id=\"emp-dsc\"><b>Lelde Skutele<\/b><br \/>\nPlant protection specialist<br \/>\nlelde.skutele@laapc.lv<\/div>\n<\/div>\n<div id=\"employee-block\">\n<p><img src=\"http:\/\/www.laapc.lv\/wp-content\/uploads\/2015\/02\/empty.jpg\" alt=\"\" \/><\/p>\n<div id=\"emp-dsc\"><b>Dainis Polis<\/b><br \/>\nTechnical specialist<br \/>\ndainis.polis@laapc.lv<\/div>\n<\/div>\n<\/div>\n<div id=\"employees\">\n<div id=\"employee-block\">\n<p><a href=\"http:\/\/www.laapc.lv\/wp-content\/uploads\/2016\/09\/Jolanta_\u010c\u016bri\u0161\u0137e_130x195.jpg\"><img loading=\"lazy\" class=\"aligncenter size-full wp-image-1873\" src=\"http:\/\/www.laapc.lv\/wp-content\/uploads\/2016\/09\/Jolanta_\u010c\u016bri\u0161\u0137e_130x195.jpg\" alt=\"jolanta_curiske_130x195\" width=\"130\" height=\"195\" \/><\/a><\/p>\n<div id=\"emp-dsc\"><b>Jolanta \u010c\u016bri\u0161\u0137e<\/b>\u00a0<strong><em>&#8211; (maternity leave)<\/em><\/strong><br \/>\nPlant protection tehnical specialist<br \/>\njolanta.curiske@laapc.lv<br \/>\nMob. 25775526<\/div>\n<\/div>\n<div id=\"employee-block\">\n<p><a href=\"http:\/\/www.laapc.lv\/wp-content\/uploads\/2016\/09\/Kaspars_Ranc\u0101ns_130x195.jpg\"><img loading=\"lazy\" class=\"aligncenter size-full wp-image-1876\" src=\"http:\/\/www.laapc.lv\/wp-content\/uploads\/2016\/09\/Kaspars_Ranc\u0101ns_130x195.jpg\" alt=\"kaspars_rancans_130x195\" width=\"130\" height=\"195\" \/><\/a><\/p>\n<div id=\"emp-dsc\"><b>Kaspars Ranc\u0101ns<\/b>, B.sc.agr.<br \/>\nPlant protection tehnical specialist<br \/>\nkaspars.rancans@laapc.lv<\/div>\n<\/div>\n<h5>Field crop pathology group<\/h5>\n<div id=\"employees\">\n<div id=\"employee-block\">\n<p><a href=\"http:\/\/www.laapc.lv\/wp-content\/uploads\/2016\/09\/Olga_Treikale_130x195.jpg\"><img loading=\"lazy\" class=\"aligncenter size-full wp-image-1881\" src=\"http:\/\/www.laapc.lv\/wp-content\/uploads\/2016\/09\/Olga_Treikale_130x195.jpg\" alt=\"olga_treikale_130x195\" width=\"130\" height=\"195\" \/><\/a><\/p>\n<div id=\"emp-dsc\"><b>Olga Treikale<\/b>, Dr.biol.<br \/>\nHead of group<br \/>\nolga.treikale@laapc.lv<br \/>\nMob. 26246412<\/div>\n<\/div>\n<div id=\"employee-block\">\n<p><a href=\"http:\/\/www.laapc.lv\/wp-content\/uploads\/2016\/09\/Zane_Vigule_130x195.jpg\"><img loading=\"lazy\" class=\"aligncenter size-full wp-image-1886\" src=\"http:\/\/www.laapc.lv\/wp-content\/uploads\/2016\/09\/Zane_Vigule_130x195.jpg\" alt=\"zane_vigule_130x195\" width=\"130\" height=\"195\" \/><\/a><\/p>\n<div id=\"emp-dsc\"><b>Zane Dumbre<\/b>, M.sc.biol.<strong><em>&#8211; (maternity leave)<\/em><\/strong><br \/>\nDeputy Head of group<br \/>\nzane.vigule@laapc.lv<\/div>\n<\/div>\n<div id=\"employee-block\">\n<p><img loading=\"lazy\" class=\"alignleft wp-image-2635 size-full\" src=\"http:\/\/www.laapc.lv\/wp-content\/uploads\/2019\/01\/E_Brauna_Morzevska-e1547710102171.jpg\" alt=\"\" width=\"140\" height=\"195\" \/><\/p>\n<div><\/div>\n<div><\/div>\n<div><\/div>\n<div><\/div>\n<div><\/div>\n<div><\/div>\n<div><\/div>\n<div><\/div>\n<div><\/div>\n<div id=\"emp-dsc\"><b>El\u012bna Anna Brauna<\/b>, M.sc.biol.<br \/>\nDeputy Head of group<br \/>\nelina.anna.brauna@laapc.lv<\/div>\n<\/div>\n<\/div>\n<div id=\"employees\">\n<div id=\"employee-block\">\n<p><a href=\"http:\/\/www.laapc.lv\/wp-content\/uploads\/2016\/09\/Skaidr\u012bte_B\u016bmane_130x195.jpg\"><img loading=\"lazy\" class=\"aligncenter size-full wp-image-1884\" src=\"http:\/\/www.laapc.lv\/wp-content\/uploads\/2016\/09\/Skaidr\u012bte_B\u016bmane_130x195.jpg\" alt=\"skaidrite_bumane_130x195\" width=\"130\" height=\"195\" \/><\/a><\/p>\n<div id=\"emp-dsc\"><b>Skaidr\u012bte B\u016bmane<\/b>, Dr.agr.<br \/>\nPlant protection specialist<br \/>\nskaidrite.bumane@laapc.lv<\/div>\n<\/div>\n<div id=\"employee-block\">\n<p><a href=\"http:\/\/www.laapc.lv\/wp-content\/uploads\/2016\/09\/Je\u013cena_Puga\u010dova_130x195.jpg\"><img loading=\"lazy\" class=\"aligncenter size-full wp-image-1871\" src=\"http:\/\/www.laapc.lv\/wp-content\/uploads\/2016\/09\/Je\u013cena_Puga\u010dova_130x195.jpg\" alt=\"jelena_pugacova_130x195\" width=\"130\" height=\"195\" \/><\/a><\/p>\n<div id=\"emp-dsc\"><b>Je\u013cena Puga\u010dova<\/b>, M.sc.biol.<br \/>\nPlant protection specialist<br \/>\njelena.pugacova@laapc.lv<\/div>\n<\/div>\n<div id=\"employee-block\">\n<p><img loading=\"lazy\" class=\"alignleft wp-image-1880 size-full\" src=\"http:\/\/www.laapc.lv\/wp-content\/uploads\/2016\/09\/Olga_Morozova_130x195-e1547724846619.jpg\" alt=\"\" width=\"130\" height=\"194\" \/><\/p>\n<div><\/div>\n<div><\/div>\n<div><\/div>\n<div><\/div>\n<div><\/div>\n<div><\/div>\n<div><\/div>\n<div><\/div>\n<div><\/div>\n<div id=\"emp-dsc\"><b>Olga Pavlovi\u010da<\/b>, M.sc.agr.<br \/>\nPlant protection specialist<br \/>\nolga.pavlovica@laapc.lv<\/div>\n<\/div>\n<\/div>\n<div id=\"employees\">\n<div id=\"employee-block\">\n<p><img loading=\"lazy\" class=\"alignleft wp-image-2636 size-full\" src=\"http:\/\/www.laapc.lv\/wp-content\/uploads\/2019\/01\/A_Treguba-e1547710327517.jpg\" alt=\"\" width=\"140\" height=\"195\" \/><\/p>\n<div><\/div>\n<div><\/div>\n<div><\/div>\n<div><\/div>\n<div><\/div>\n<div><\/div>\n<div><\/div>\n<div><\/div>\n<div><\/div>\n<div id=\"emp-dsc\"><b>Anna Treguba<\/b>, M.sc.agr.<br \/>\nPlant protection specialist<br \/>\nanna.treguba@laapc.lv<\/div>\n<\/div>\n<div id=\"employee-block\">\n<p><img src=\"http:\/\/www.laapc.lv\/wp-content\/uploads\/2015\/02\/empty.jpg\" alt=\"\" \/><\/p>\n<div id=\"emp-dsc\"><b>Zanda Rezgale<\/b>, B.sc.agr.<br \/>\nPlant protection specialist<br \/>\nzanda.rezgale@laapc.lv<\/div>\n<\/div>\n<div id=\"employee-block\">\n<p><a href=\"http:\/\/www.laapc.lv\/wp-content\/uploads\/2016\/09\/Guna_\u0112rgle_130x195.jpg\"><img loading=\"lazy\" class=\"aligncenter size-full wp-image-1865\" src=\"http:\/\/www.laapc.lv\/wp-content\/uploads\/2016\/09\/Guna_\u0112rgle_130x195.jpg\" alt=\"guna_ergle_130x195\" width=\"130\" height=\"195\" \/><\/a><\/p>\n<div id=\"emp-dsc\"><b>Guna \u0112rgle<\/b><br \/>\nPlant protection tehnical specialist<br \/>\nguna.ergle@laapc.lv<\/div>\n<\/div>\n<h5>ENTOMOLOGY and horticultural crop pathology GROUP<\/h5>\n<div id=\"employees\">\n<div id=\"employee-block\">\n<p><a href=\"http:\/\/www.laapc.lv\/wp-content\/uploads\/2016\/09\/Laura_Ozoli\u0146a-Pole_130x195.jpg\"><img loading=\"lazy\" class=\"aligncenter size-full wp-image-1877\" src=\"http:\/\/www.laapc.lv\/wp-content\/uploads\/2016\/09\/Laura_Ozoli\u0146a-Pole_130x195.jpg\" alt=\"laura_ozolina-pole_130x195\" width=\"130\" height=\"195\" \/><\/a><\/p>\n<div id=\"emp-dsc\"><b>Laura Ozoli\u0146a &#8211; Pole<\/b>,\u00a0M.sc.biol.<br \/>\nHead of group<br \/>\nlaura.ozolina.pole@laapc.lv<br \/>\nMob. 28337691<\/div>\n<\/div>\n<div id=\"employee-block\">\n<p><img src=\"http:\/\/www.laapc.lv\/wp-content\/uploads\/2015\/02\/empty.jpg\" alt=\"\" \/><\/p>\n<div id=\"emp-dsc\"><b>Ed\u012bte J\u0101kobsone<\/b>, B.sc.biol.<br \/>\nPlant protection specialist<br \/>\nedite.jakobsone@laapc.lv<\/div>\n<\/div>\n<div id=\"employee-block\">\n<p><a href=\"http:\/\/www.laapc.lv\/wp-content\/uploads\/2016\/09\/Inta_Jakobija_130x195.jpg\"><img loading=\"lazy\" class=\"aligncenter size-full wp-image-1869\" src=\"http:\/\/www.laapc.lv\/wp-content\/uploads\/2016\/09\/Inta_Jakobija_130x195.jpg\" alt=\"inta_jakobija_130x195\" width=\"130\" height=\"195\" \/><\/a><\/p>\n<div id=\"emp-dsc\"><b>Inta Jakobija<\/b>,\u00a0M.sc.agr.<br \/>\nPlant protection specialist<br \/>\ninta.jakobija@laapc.lv<br \/>\nMob. 26565185<\/div>\n<\/div>\n<div id=\"employee-block\">\n<p><a href=\"http:\/\/www.laapc.lv\/wp-content\/uploads\/2016\/09\/Rinalds_Ciematnieks_130x195.jpg\"><img loading=\"lazy\" class=\"aligncenter size-full wp-image-1883\" src=\"http:\/\/www.laapc.lv\/wp-content\/uploads\/2016\/09\/Rinalds_Ciematnieks_130x195.jpg\" alt=\"rinalds_ciematnieks_130x195\" width=\"130\" height=\"195\" \/><\/a><\/p>\n<div id=\"emp-dsc\"><b>Rinalds Ciematnieks<\/b>,\u00a0M.sc.biol.\u00a0<strong><em>&#8211; (maternity leave)<\/em><\/strong><br \/>\nPlant protection tehnical specialist<br \/>\nrinalds.ciematnieks@laapc.lv<\/div>\n<\/div>\n<div id=\"employee-block\">\n<p><img loading=\"lazy\" class=\"alignleft wp-image-2637 size-full\" src=\"http:\/\/www.laapc.lv\/wp-content\/uploads\/2019\/01\/D._Bless-e1547710525327.jpg\" alt=\"\" width=\"140\" height=\"195\" \/><\/p>\n<div id=\"emp-dsc\"><b>Dana Blese<\/b>, M.sc.biol.<br \/>\nPlant protection tehnical specialist<br \/>\ndana.blese@laapc.lv<\/div>\n<\/div>\n<\/div>\n<\/div>\n<\/div>\n<h5>Data Protection Specialists<\/h5>\n<div id=\"employees\">\n<div id=\"employee-block\">\n<p><a href=\"http:\/\/www.laapc.lv\/wp-content\/uploads\/2015\/02\/empty.jpg\"><img loading=\"lazy\" class=\"aligncenter size-full wp-image-1863\" src=\"http:\/\/www.laapc.lv\/wp-content\/uploads\/2015\/02\/empty.jpg\" alt=\"dagnija_steina_130x195\" width=\"130\" height=\"195\" \/><\/a><\/p>\n<div id=\"emp-dsc\"><b>Prikorio, SIA<\/b><br \/>\nData Protection Specialists<br \/>\nlaapc@laapc.lv<br \/>\nPhone: 67551265<\/div>\n<\/div>\n<\/div>\n<\/div>\n<p><\/p>","protected":false},"excerpt":{"rendered":"<p>ADMINISTRATION Kaspars Gulbis, M.sc.agr. Member of Board kaspars.gulbis@laapc.lv Phone: 67551265| Mob. 25775586 Aija Gaine, M.sc.agr. Accountant aija.gaine@laapc.lv Mob.: 29351377 Inguna Dravi\u0146a, B.sc.oec. Account Assistant inguna.dravina@laapc.lv Phone: 67551265 Ilona Kauli\u0146a, M.sc.oec. Office Administrator ilona.kaulina@laapc.lv Phone: 67551265 WEED RESEARCH GROUP Zane Erdmane, M.sc.biol. Head of group zane.erdmane@laapc.lv Mob.: 26334338 Lelde Stirna, M.sc.biol. Deputy Head of group lelde.stirna@laapc.lv [&hellip;]<\/p>\n","protected":false},"author":1,"featured_media":0,"parent":78,"menu_order":0,"comment_status":"closed","ping_status":"closed","template":"index.php","meta":[],"_links":{"self":[{"href":"https:\/\/old.laapc.lv\/en\/wp-json\/wp\/v2\/pages\/103"}],"collection":[{"href":"https:\/\/old.laapc.lv\/en\/wp-json\/wp\/v2\/pages"}],"about":[{"href":"https:\/\/old.laapc.lv\/en\/wp-json\/wp\/v2\/types\/page"}],"author":[{"embeddable":true,"href":"https:\/\/old.laapc.lv\/en\/wp-json\/wp\/v2\/users\/1"}],"replies":[{"embeddable":true,"href":"https:\/\/old.laapc.lv\/en\/wp-json\/wp\/v2\/comments?post=103"}],"version-history":[{"count":261,"href":"https:\/\/old.laapc.lv\/en\/wp-json\/wp\/v2\/pages\/103\/revisions"}],"predecessor-version":[{"id":2964,"href":"https:\/\/old.laapc.lv\/en\/wp-json\/wp\/v2\/pages\/103\/revisions\/2964"}],"up":[{"embeddable":true,"href":"https:\/\/old.laapc.lv\/en\/wp-json\/wp\/v2\/pages\/78"}],"wp:attachment":[{"href":"https:\/\/old.laapc.lv\/en\/wp-json\/wp\/v2\/media?parent=103"}],"curies":[{"name":"wp","href":"https:\/\/api.w.org\/{rel}","templated":true}]}}