{"id":1074,"date":"2015-07-22T10:26:44","date_gmt":"2015-07-22T08:26:44","guid":{"rendered":"https:\/\/old.laapc.lv\/?page_id=1074"},"modified":"2021-05-27T14:17:39","modified_gmt":"2021-05-27T12:17:39","slug":"2015-gada-publikacijas","status":"publish","type":"page","link":"https:\/\/old.laapc.lv\/en\/publikacijas\/2015-gada-publikacijas\/","title":{"rendered":"Publications 2015"},"content":{"rendered":"<p><\/p>\n<h4>Scientific publications 2015<\/h4>\n<h6>Original articles in anonymously refereed scientific journals cited in<em> Thomson Reuters Web of Science<\/em>, SCOPUS<\/h6>\n<table id=\"purchase\" width=\"750px\">\n<tbody>\n<tr>\n<td width=\"30px\">1.<\/td>\n<td>Salmane I. 2015. Effect of agrotechnical measures and cultivars on seasonal dynamics of <em>Tetranychus urticae<\/em> Koch (Acari, Tetranychidae) on the high tunnel-cultivated garden strawberries in temperate climatic conditions. <em>Proceedings of the Latvian Academy of Sciences B<\/em> 69: 20\u201330.<\/td>\n<\/tr>\n<tr>\n<td>2.<\/td>\n<td>Crous <span style=\"color: #000000;\">P.,<\/span> <span style=\"color: #000000;\">Car<\/span><span style=\"color: #000000;\">ris L., Lopez\u00a0<\/span>\u00a0A., Groenewald J., Hawksworth D., Hernandez M., Jaklitsch W., Lebrun M., Schumacher R., Stielow J., Linde E., Vilc\u0101ne J., Voglmayr H., Wood A. 2015. The Genera of Fungi &#8211; fixing the application of the type species of generic names \u2013 G 2: Allantophomopsis, Latorua, Macrodiplodiopsis, Macrohilum, Milospium, Protostegia, Pyricularia, Robillarda, Rotula, Septoriella, Torula, and Wojnowicia.\u00a0IMA Fungus. 2015 Jun; 6(1): 163\u2013198.<\/td>\n<\/tr>\n<tr>\n<td>3.<\/td>\n<td>Cubars E., Poisa L., Noviks G., Platace R., Bumane S. 2015. Analysis of heavy metal content in the dry matter of different energy crops. 10th International Scientific Practical Conference &#8220;Environment. Technology. Resources&#8221; Vol. II. R\u0113zeknes Augstskola, R\u0113zekne. 91\u201395.<\/td>\n<\/tr>\n<tr>\n<td>4.<\/td>\n<td>Grantina-Ievina L., Ievinsh G. 2015. Microbiological characteristics and effect on plant growth of a novel organic fertilizer from vermicompost and bat guano. Research for Rural Development 2015 1: 95\u2013101.<\/td>\n<\/tr>\n<tr>\n<td>5.<\/td>\n<td>Salmane I., Ciematnieks R., Ozoli\u0146a-Pole L., Ralle B., Ievinsh G. 2015. Investigation of European shot-hole borer, Xyleborus dispar (Coleoptera, Scolytidae), in apple orchards of Latvia. 10th International Scientific Practical Conference &#8220;Environment. Technology. Resources&#8221;. R\u0113zeknes Augstskola, R\u0113zekne. 256\u2013260.<\/td>\n<\/tr>\n<tr>\n<td>6.<\/td>\n<td>Grantina-Ievina L., Stanke L., \u0112rgle G. 2015. Impact of microbiological fertilizer Baikal EM-1 on onions in greenhouse conditions. 10th International Scientific Practical Conference&#8221;Environment. Technology. Resources&#8221;. Vol. II. R\u0113zeknes Augstskola, R\u0113zekne. 103\u2013106.<\/td>\n<\/tr>\n<tr>\n<td>7.<\/td>\n<td>\u0145e\u010dajeva J., Mint\u0101le Z., Dudele I., Isoda-Krasovska A., \u010c\u016bri\u0161\u0137e J., Ranc\u0101ns K., Kauli\u0146a I., Morozova O., Spuri\u0146a L. 2015. Effects of crop rotation and field management methods on weed density and species composition in the southeastern part of Latvia. 10th International Scientific Practical Conference &#8220;Environment. Technology. Resources&#8221;. R\u0113zeknes Augstskola, R\u0113zekne. 235\u2013240.<\/td>\n<\/tr>\n<tr>\n<td>8.<\/td>\n<td>Platace R., Adamovics A., Poisa L., Cubars E., Bumane S., 2015. Ash content in grass biomass yielded in 1st and 2nd cultivation year and evaluation of suitability thereof for pellet production. 14th International Scientific Conference &#8220;Engineering for Rural Development&#8221;. 541\u2013545.<\/td>\n<\/tr>\n<\/tbody>\n<\/table>\n<h6>Other scientific publications<\/h6>\n<table id=\"purchase\" style=\"height: 583px;\" width=\"736\">\n<tbody>\n<tr>\n<td width=\"30px\">1.<\/td>\n<td>Baroffio C., Borg-Karlson A.-K., Cross J., Fountain M., Guibert V., Hall D., Ralle B., Rogivue A., Sigsgaard L., Trandem N., Wibe A. 2015. Comment attirer deux ravageurs des framboises dans un m\u00eame pi\u00e8ge? Revue Suisse Viticulture Arboriculture Horticulture 47: 152\u2013158.<\/td>\n<\/tr>\n<tr>\n<td>2.<\/td>\n<td>Fountain M.T., Shaw B., Trandem N., Storberget S., Baroffio C., Ralle B., Rendina P., Richoz P., Sigsgaard L., Borg-Karlson A.-K., Hall D., Cross J.V., Wibe A. 2015. The potential for mass trapping <em>Lygus rugulipennis<\/em> and <em>Anthonomus rubi<\/em>; trap design and efficacy. <em>IOBC-WPRS Bulletin<\/em> 109: 95\u201397.<\/td>\n<\/tr>\n<tr>\n<td>3.<\/td>\n<td>Grantina-Ievina L. 2015. Fungi causing apple fruit storage rot in integrated agricultural system and their sensitivity to fungicides. <em>Rural Sustainability Research<\/em> 33: DOI:10.1515\/plua-2015-0007<\/td>\n<\/tr>\n<tr>\n<td>4.<\/td>\n<td>Grantina-Ievina L., Nikolajeva V., Rostoks N., Skrabule I., Zarina L., Pogulis A., Ievinsh G. 2015. Impact of green manure and vermicompost on soil suppressiveness, soil microbial populations and plant growth in conditions of organic agriculture of Northern temperate climate. In: Meghvansi M.K., Varma A. (eds) <em>Organic Amendments and Soil Suppressiveness<\/em>. Springer International Publisher Switzerland, pp. 381\u2013399.<\/td>\n<\/tr>\n<tr>\n<td>5.<\/td>\n<td>Trandem N., Baroffio C., Fountain M., Ralle B., Rendina P., Richoz P., Sigsgaard L., Borg-Karlson A.-K., Hall D., Cross J., Wibe A. 2014. Using semiochemical traps to study the occurrence of strawberry blossom weevil in strawberry and raspberry \u2013 what did we learn? <em>IOBC-WPRS Bulletin<\/em> 109: 93\u201394.<\/td>\n<\/tr>\n<tr>\n<td>6.<\/td>\n<td>Vilka L., Volkova J. Morphological diversity of <em>Phomopsis vaccinii<\/em> isolates from cranberry (<em>Vaccinium macrocarpon<\/em> Ait.) in Latvia. <em>Rural Sustainability Research <\/em>33: 8\u201318.<\/td>\n<\/tr>\n<tr>\n<td>7.<\/td>\n<td>Bumane S. 2015. Role of nitrogen on perennial ryegrass seed production and forage quality. Proceedings of the 25<sup>th<\/sup> NJF Congress \u201eNordic View to Sustainable Rural Development\u201d. 161\u2013164.<\/td>\n<\/tr>\n<tr>\n<td>\u00a08.<\/td>\n<td>Bumane S., Poisa L., Cubars E., Platace R. 2015. The analysis of carbon content in different energy crops. Proceedings of the 25<sup>th<\/sup> NJF Congress \u201eNordic View to Sustainable Rural Development\u201d. 156\u2013160.<\/td>\n<\/tr>\n<tr>\n<td>\u00a09.<\/td>\n<td>Granti\u0146a-Ievi\u0146a L., Ranc\u0101ne R., Jakobija I., \u0112rgle G. 2015. \u0100be\u013cu kraupja izplat\u012bba uz pla\u0161\u0101k audz\u0113taj\u0101m \u0101be\u013cu \u0161\u0137irn\u0113m da\u017e\u0101dos Latvijas re\u0123ionos. Rakstu kr\u0101jums <em>Vecauce \u2013 2105: Lauksaimniec\u012bbas Zin\u0101tne Reorganiz\u0101cijas Laik\u0101. <\/em>LLU, 25\u201328.<\/td>\n<\/tr>\n<tr>\n<td>\u00a010.<\/td>\n<td>\u0145e\u010dajeva J. 2015. S\u0113klu d\u012bg\u0161anu raksturojo\u0161ie r\u0101d\u012bt\u0101ji. Rakstu kr\u0101jums <em>Vecauce \u2013 2105: Lauksaimniec\u012bbas Zin\u0101tne Reorganiz\u0101cijas Laik\u0101. <\/em>LLU, 58\u201361.<\/td>\n<\/tr>\n<tr>\n<td>\u00a011.<\/td>\n<td>\u0145e\u010dajeva J., Dudele I., Mint\u0101le Z., Isoda-Krasovska A., \u010c\u016bri\u0161\u0137e J., Ranc\u0101ns K., Polis D., Kauli\u0146a I., Morozova O., Spuri\u0146a L. 2015. Nez\u0101\u013cu izplat\u012bba graudaugu s\u0113jumos Latgal\u0113. <em>LLU zin\u0101tniski praktisk\u0101s konferences &#8220;L\u012bdzsvarota lauksaimniec\u012bba&#8221; raksti. <\/em>LLU, Jelgava, 117\u2013121.<\/td>\n<\/tr>\n<tr>\n<td>\u00a012.<\/td>\n<td>Petroveca I., Volkova J., Bankina B. 2015. Zeme\u0146u sak\u0146u puves att\u012bst\u012bbas pak\u0101pe atkar\u012bb\u0101 no \u0161\u0137irnes. <em>LLU zin\u0101tniski-praktisk\u0101s konferences &#8220;L\u012bdzsvarota lauksaimniec\u012bba 2015&#8221; raksti<\/em>. LLU, Jelgava, 152\u2013156.<\/td>\n<\/tr>\n<tr>\n<td>\u00a013.<\/td>\n<td>Treikale O., Vigule Z., Javoi\u0161a B., Granti\u0146a-Ievi\u0146a L., Skrabule I. 2015. Patog\u0113n\u0101 mikoflora kartupe\u013cu uzglab\u0101\u0161anas period\u0101. <em>LLU zin\u0101tniski-praktisk\u0101s konferences &#8220;L\u012bdzsvarota lauksaimniec\u012bba 2015&#8221; raksti<\/em>. LLU, Jelgava, 126\u2013131.<\/td>\n<\/tr>\n<tr>\n<td>\u00a014.<\/td>\n<td>Vilc\u0101ne J., Jakobija I. Aug\u013cu koku v\u0113zis \u2013 ierobe\u017eo\u0161anas iesp\u0113jas, izmantojot slim\u012bbas izplat\u012bbas prognozi. Rakstu kr\u0101jums <em>Vecauce \u2013 2105: Lauksaimniec\u012bbas Zin\u0101tne Reorganiz\u0101cijas Laik\u0101. <\/em>LLU, 66\u201369.<\/td>\n<\/tr>\n<tr>\n<td>\u00a015.<\/td>\n<td>Volkova J., Juh\u0146evi\u010da-Radenkova K. 2015. R\u016bgt\u0101 puve \u2013 divi ierosin\u0101t\u0101ji, divas slim\u012bbas. <em>LLU zin\u0101tniski-praktisk\u0101s konferences &#8220;L\u012bdzsvarota lauksaimniec\u012bba 2015&#8221; raksti. <\/em>LLU, Jelgava, 149\u2013152.<\/td>\n<\/tr>\n<tr>\n<td>\u00a016.<\/td>\n<td>Volkova J., Vilka L., Ranc\u0101ne R., Ba\u017eenova A. 2015. Kr\u016bmmelle\u0146u slim\u012bbas Latvij\u0101. <em>LLU zin\u0101tniski-praktisk\u0101s konferences &#8220;L\u012bdzsvarota lauksaimniec\u012bba 2015&#8221; raksti. <\/em>LLU, Jelgava, 159\u2013163.<\/td>\n<\/tr>\n<\/tbody>\n<\/table>\n<h6>Conference theses<\/h6>\n<table id=\"purchase\" style=\"height: 583px;\" width=\"736\">\n<tbody>\n<tr>\n<td width=\"30px\">1.<\/td>\n<td>Grantina-Ievina L. 2015. Occurrence of entomopathogenic fungi in agricultural and forest soils and<br \/>\nvermicompost. Abstracts of the 15th Meeting of the IOBC-WPRS Working Group &#8220;Microbial and<br \/>\nNematode Control of Invertebrate Pests&#8221;. R\u012bga, June 7 \u2013 11, 2015, p. 77.<\/td>\n<\/tr>\n<tr>\n<td>2.<\/td>\n<td>Grantina-Ievina L., Stanke L. 2015. Incidence and severity of leaf and fruit diseases of plums in<br \/>\nLatvia. Abstracts 67th International Symposium on Crop Protection. May 19, 2015, Ghent, Belgium, p.<br \/>\n71.<\/td>\n<\/tr>\n<tr>\n<td>3.<\/td>\n<td>Grantina-Ievina L., Stanke L., \u0112rgle G. Impact of microbiological fertilizer Baikal EM-1 on onions in<br \/>\ngreenhouse conditions. Abstracts of the International Scientific and Practical Conference<br \/>\n\u201eEnvironment. Technology. Resources\u201d, R\u0113zekne, p. 00.<\/td>\n<\/tr>\n<tr>\n<td>4.<\/td>\n<td>Grantina-Ievina L., Volkova J., Stanke L. 2015. Leaf and fruit diseases in plum orchards in Latvia.<br \/>\nAbstracts of the 73rd Scientific Conference of the University of Latvia, January \u2013 February 2015.<br \/>\nEnvironmental and Experimental Biology 13: 58.<\/td>\n<\/tr>\n<tr>\n<td>5.<\/td>\n<td>Gulbis K., Bankina B. 2015. Maize (Zea mays L.) leaf diseases. 25th Congress of the Nordic<br \/>\nAssociation of Agricultural Scientists ,,Nordic View to Sustainable Rural Development\u2019\u2019, R\u012bga, 2015,<br \/>\n16.-18. j\u016bnijs, p. 00.<\/td>\n<\/tr>\n<tr>\n<td>6.<\/td>\n<td>Mintale Z., Necajeva J., Isoda-Krasovska A., Curiske J., Dudele I., Rancans K., Morozova O., Spurina<br \/>\nL. 2015. Effect of wild oat (Avena fatua L.) density on development and yield of spring wheat.<br \/>\nAbstracts of 17th European Weed Research Society Symposium \u201cWeed management in changing<br \/>\nenvironments&#8221;. P. 157.<\/td>\n<\/tr>\n<tr>\n<td>7.<\/td>\n<td>Mintale Z., Vanaga I., Isoda-Krasovska A., Curiske J., Dudele I., Necajeva J., Rancans K. 2015.<br \/>\nNational surveys of weeds in arable fields in Latvia. Abstracts of 17th European Weed Research<br \/>\nSociety Symposium \u201cWeed management in changing environments&#8221;. P. 156.<\/td>\n<\/tr>\n<tr>\n<td>\u00a08.<\/td>\n<td>\u0145e\u010dajeva J., Dudele I., Mint\u0101le Z., Zari\u0146a L., Zute S., Bleidere M., Jansone Z. 2015. Increased<br \/>\ninfestation of agricultural land with wild oat (Avena fatua L.) in Latvia as related to variation of seed<br \/>\nmorphology and germination. 25. Zieme\u013cvalstu lauksaimniec\u012bbas zin\u0101tnieku asoci\u0101cijas (NJF)<br \/>\nkongresa \u201eNordic View to Sustainable Rural Development\u201d t\u0113\u017eu kr\u0101jums, 75.<\/td>\n<\/tr>\n<tr>\n<td>\u00a09.<\/td>\n<td>\u0145e\u010dajeva J., Mint\u0101le Z., Dudele I., Isoda-Krasovska A., \u010c\u016bri\u0161\u0137e J., Ranc\u0101ns K., Kauli\u0146a I., Morozova<br \/>\nO., Spuri\u0146a L. 2015. Factors influencing weed species diversity in southeastern part of Latvia: analysis<br \/>\nof a two-year weed survey data. &#8220;8th International Conference on Biodiversity Research\u201d, Book of<br \/>\nAbstracts, Daugavpils, 28.-30.04.2015, Daugavpils University Academic Press \u201cSaule\u201d, 103.<\/td>\n<\/tr>\n<tr>\n<td>\u00a010.<\/td>\n<td>Ozoli\u0146a-Pole L., Ciematnieks R., Ralle B., Salmane I. 2015. Flight activity of Synanthedon<br \/>\ntipuliformis (Clerk) in the black currant plantations of Latvia in 2012-2014. Latvijas Universit\u0101tes 73.<br \/>\nzin\u0101tnisk\u0101s konferences Zoolo\u0123ijas un dz\u012bvnieku ekolo\u0123ijas sekcija.<\/td>\n<\/tr>\n<tr>\n<td>\u00a011.<\/td>\n<td>Ozoli\u0146a-Pole L., Vilc\u0101ne J. 2015. Molecular identification and characterization of Synanthedon<br \/>\ntipuliformis Clerck from black currant fields. &#8220;8th International Conference on Biodiversity Research\u201d,<br \/>\nBook of Abstracts, Daugavpils, 28.-30.04.2015, Daugavpils University Academic Press \u201cSaule\u201d, 105.<\/td>\n<\/tr>\n<tr>\n<td>\u00a012.<\/td>\n<td>Ralle B., Salmane I., Ciematnieks R., Ozoli\u0146a-Pole L. 2015. Monitoring of Byturus tomentosus (De<br \/>\nGeer) (Coleoptera, Byturidae) flight activity in conditions of Latvian raspberry plantations. Latvijas<br \/>\nUniversit\u0101tes 73. zin\u0101tnisk\u0101s konferences Zoolo\u0123ijas un dz\u012bvnieku ekolo\u0123ijas sekcija.<\/td>\n<\/tr>\n<tr>\n<td>\u00a013.<\/td>\n<td>Ralle B., Salmane I., Ozoli\u0146a-Pole L., Ciematnieks R. 2015. Occurrence of Contarinia pyrivora in<br \/>\nLatvian pear orchards. Latvijas Universit\u0101tes 73. zin\u0101tnisk\u0101s konferences Zoolo\u0123ijas un dz\u012bvnieku<br \/>\nekolo\u0123ijas sekcija.<\/td>\n<\/tr>\n<tr>\n<td>\u00a014.<\/td>\n<td>Salmane I., Ciematnieks R., Ozoli\u0146a-Pole L., Ralle B. 2015. Monitoring of European shot-hole borer,<br \/>\nXyleborus dispar (Coleoptera, Scolytidae) in apple orchards of Latvia. Latvijas Universit\u0101tes 73.<br \/>\nzin\u0101tnisk\u0101s konferences Zoolo\u0123ijas un dz\u012bvnieku ekolo\u0123ijas sekcija.<\/td>\n<\/tr>\n<tr>\n<td>\u00a015.<\/td>\n<td>Treikale O., Javoisha B., Feodorova-Fedotova L., Grantina-Ievina L., Volkova J. 2015. Occurrence of<br \/>\nFusarium species on small cereals in Latvia. Abstracts 67th International Symposium on Crop<br \/>\nProtection. May 19, 2015, Ghent, Belgium, p. 180.<\/td>\n<\/tr>\n<tr>\n<td>\u00a016.<\/td>\n<td>Treikale O., Javoisha B., Grantina-Ievina L., Vigule Z. 2015. The most widespread diseases in spring<br \/>\ncereals in Latvia. 32nd Nordic Cereal Congress, September 7-9, 2015, Espoo, Finland, p. 0.<\/td>\n<\/tr>\n<tr>\n<td>\u00a017.<\/td>\n<td>Vigule Z., Treikale O., Grantina-Ievina L., Skrabule I. 2015. Fungal community composition on<br \/>\ndifferent potato cultivars during storage. Abstracts International Conference\u201d Integrated Protection of<br \/>\nStored Products\u201d. Zagreb, Croatia, 28.06-1.07.2015, p. 0.<\/td>\n<\/tr>\n<\/tbody>\n<\/table>\n<h4>Publications in popular science journals 2015<\/h4>\n<table id=\"purchase\" style=\"height: 594px;\" width=\"746\">\n<tbody>\n<tr>\n<td width=\"30px\">1.<\/td>\n<td>Dudele I. 2015. Izplat\u012bt\u0101k\u0101s nez\u0101les ziemas un vasaras rap\u0161u s\u0113jumos. Saimnieks 2(128): 35\u201339.<\/td>\n<\/tr>\n<tr>\n<td>2.<\/td>\n<td>Feodorova-Fedotova L., Treikale O. 2015. Mie\u017eu lapu t\u012bklplankumain\u012bbas Drechslera teres att\u012bst\u012bba<br \/>\nun ietekme uz vasaras mie\u017eu ra\u017eu.\u00a0Saimnieks 3(129): 56.-59.<\/td>\n<\/tr>\n<tr>\n<td>3.<\/td>\n<td>Granti\u0146a-Ievi\u0146a L. 2015. \u0100bolu puves un to ierosin\u0101t\u0101ji. 1. da\u013ca. Saimnieks. 3: 54\u201355.<\/td>\n<\/tr>\n<tr>\n<td>4.<\/td>\n<td>Granti\u0146a-Ievi\u0146a L. 2015. \u0100bolu puves un to ierosin\u0101t\u0101ji. 2. da\u013ca. Saimnieks. 4: 52\u201355.<\/td>\n<\/tr>\n<tr>\n<td>5.<\/td>\n<td>Granti\u0146a-Ievi\u0146a L. 2015. Par trifel\u0113m un to kultiv\u0113\u0161anu. I da\u013ca. Saimnieks 6: 50\u201353.<\/td>\n<\/tr>\n<tr>\n<td>6.<\/td>\n<td>Granti\u0146a-Ievi\u0146a L. 2015. Par trifel\u0113m un to kultiv\u0113\u0161anu. II da\u013ca. Saimnieks 7: 54\u201357.<\/td>\n<\/tr>\n<tr>\n<td>7.<\/td>\n<td>Granti\u0146a-Ievi\u0146a L. 2015. Trife\u013cu inokul\u0101cija un st\u0101du audz\u0113\u0161ana. III da\u013ca. Saimnieks 10: 60\u201361.<\/td>\n<\/tr>\n<tr>\n<td>8.<\/td>\n<td>Granti\u0146a-Ievi\u0146a L., Ievi\u0146\u0161 \u0122. 2015. Vermikomposts: fiziolo\u0123isk\u0101 ietekme uz augiem un<br \/>\nmikrobiolo\u0123isk\u0101 kvalit\u0101te. Saimnieks 2: 48\u201352.<\/td>\n<\/tr>\n<tr>\n<td>9.<\/td>\n<td>Ievi\u0146\u0161 \u0122. 2015. M\u0113ness un augi: iesp\u0113jam\u0101s ietekmes racion\u0101lo pamatu mekl\u0113jot. D\u0101rzs un Drava 5\u2013<br \/>\n6(666\u2013667): 26\u201328.<\/td>\n<\/tr>\n<tr>\n<td>10.<\/td>\n<td>Isoda-Krasovska A. 2015. S\u012bkziedu s\u012bkgalv\u012bte \u2013 nel\u016bgts viesis gandr\u012bz katr\u0101 d\u0101rz\u0101. Saimnieks 3(129):<br \/>\n50\u201351.<\/td>\n<\/tr>\n<tr>\n<td>11.<\/td>\n<td>Isoda-Krasovska A. 2015. Trejdaivu sun\u012btis iec\u012bn\u012bjis mitr\u0101s augsnes. AgroTops 10(218): 34\u201353.<\/td>\n<\/tr>\n<tr>\n<td>12.<\/td>\n<td>Javoi\u0161a B. Vasaras kvie\u0161i nav rezerves variants. AgroTops 4(212): 24\u201326.<\/td>\n<\/tr>\n<tr>\n<td>13.<\/td>\n<td>Javoi\u0161a. 2015. Ziem\u0101ju \u0161\u0137ir\u0146u v\u0113rt\u0113\u0161ana. Ziemas kvie\u0161i. Saimnieks 5(131): 50.-54.<\/td>\n<\/tr>\n<tr>\n<td>14.<\/td>\n<td>Larsona S. Latvij\u0101 bie\u017e\u0101k nov\u0113rot\u0101s rudzu slim\u012bbas. AgroTops 6(2014): 24.-26.<\/td>\n<\/tr>\n<tr>\n<td>15.<\/td>\n<td>Mint\u0101le Z. 2015. Izplat\u012bt\u0101k\u0101s nez\u0101les rap\u0161u s\u0113jumos. AgroTops 5(212): 26\u201328.<\/td>\n<\/tr>\n<tr>\n<td>16.<\/td>\n<td>Mint\u0101le Z. 2015. Izplat\u012bt\u0101k\u0101s nez\u0101les vasaras mie\u017eu un vasaras kvie\u0161u s\u0113jumos. AgroTops 4(212): 34\u2013<br \/>\n35.<\/td>\n<\/tr>\n<tr>\n<td>17.<\/td>\n<td>\u00a0Mint\u0101le Z. 2015. Izplat\u012bt\u0101k\u0101s nez\u0101les ziemas kvie\u0161u s\u0113jumos. AgroTops 3(211): 24\u201326.<\/td>\n<\/tr>\n<tr>\n<td>18.<\/td>\n<td>Mint\u0101le Z., \u0145e\u010dajeva J. 2015. Izplat\u012bt\u0101k\u0101s nez\u0101les kukur\u016bzas s\u0113jumos. AgroTops 7(215): 28\u201329.<\/td>\n<\/tr>\n<tr>\n<td>19.<\/td>\n<td>Mint\u0101le Z., \u0145e\u010dajeva J. 2015. Izplat\u012bt\u0101k\u0101s nez\u0101les lauka pupu s\u0113jumos. AgroTops 6(214): 38\u201339.<\/td>\n<\/tr>\n<tr>\n<td>20.<\/td>\n<td>\u00a0Ozoli\u0146a-Pole L. 2015. Aug\u013cu kokiem un kr\u016bmogul\u0101jiem b\u012bstam\u0101s z\u0101\u0123lapsenes. Agrotopa tematiskais<br \/>\nizdevums \u201cAug\u013cud\u0101rzu kait\u0113k\u013ci un to ierobe\u017eo\u0161ana\u201d: 8\u20139.<\/td>\n<\/tr>\n<tr>\n<td>21.<\/td>\n<td>Ozoli\u0146a-Pole L. 2015. J\u0101\u0146ogul\u0101ju stiklsp\u0101r\u0146a ierobe\u017eo\u0161anas iesp\u0113jas. Agrotopa tematiskais izdevums<br \/>\n\u201cAug\u013cud\u0101rzu kait\u0113k\u013ci un to ierobe\u017eo\u0161ana\u201d: 43.<\/td>\n<\/tr>\n<tr>\n<td>22.<\/td>\n<td>Ozoli\u0146a-Pole L. 2015. Spr\u012b\u017eme\u0161i aug\u013cu koku un ogul\u0101ju st\u0101d\u012bjumos. Agrotopa tematiskais izdevums<br \/>\n\u201cAug\u013cud\u0101rzu kait\u0113k\u013ci un to ierobe\u017eo\u0161ana\u201d: 11\u201312.<\/td>\n<\/tr>\n<tr>\n<td>23.<\/td>\n<td>Puga\u010dova J., Javoi\u0161a B. 2015. Ko dod fungic\u012bdu lieto\u0161ana ruden\u012b ziemas rapsiem. Saimnieks 8(134):<br \/>\n38\u201340.<\/td>\n<\/tr>\n<tr>\n<td>24.<\/td>\n<td>Ralle B. 2015. Ar ko un k\u0101 kait\u0113k\u013ci \u0113d. D\u0101rzs un Drava 3\u20134(664\u2013665): 52\u201353.<\/td>\n<\/tr>\n<tr>\n<td>25.<\/td>\n<td>Ralle B. 2015. Bumbier\u0113m b\u012bstamie pangodi\u0146i. Agrotopa tematiskais izdevums \u201cAug\u013cud\u0101rzu kait\u0113k\u013ci<br \/>\nun to ierobe\u017eo\u0161ana\u201d: 26\u201327.<\/td>\n<\/tr>\n<tr>\n<td>26.<\/td>\n<td>\u00a0Ralle B. 2015. Dekorat\u012bvo kr\u016bmu un koku iem\u012btnieki. D\u0101rzs un Drava 9\u201310(670\u2013671): 50\u201351.<\/td>\n<\/tr>\n<tr>\n<td>27.<\/td>\n<td>\u00a0Ralle B. 2015. Glieme\u017eu uzbrukums. D\u0101rzs un Drava 7\u20138(668\u2013669): 48\u201349.<\/td>\n<\/tr>\n<tr>\n<td>28.<\/td>\n<td>\u00a0Ralle B. 2015. K\u0101 d\u0101rzam piesaist\u012bt der\u012bgos kukai\u0146us un dz\u012bvniekus? D\u0101rzs un Drava, 11-12 (672-673):45.-47.<\/td>\n<\/tr>\n<tr>\n<td>29.<\/td>\n<td>\u00a0Ralle B. 2015. M\u016b\u017e\u012bgie viesi \u2013 laputis. D\u0101rzs un Drava 5\u20136(666\u2013667): 54\u201355.<\/td>\n<\/tr>\n<tr>\n<td>30.<\/td>\n<td>\u00a0Ralle B. 2015. Smecernieki aug\u013cu un ogu d\u0101rzos. Agrotopa tematiskais izdevums \u201cAug\u013cud\u0101rzu kait\u0113k\u013ci<br \/>\nun to ierobe\u017eo\u0161ana\u201d: 19\u201320.<\/td>\n<\/tr>\n<tr>\n<td>31.<\/td>\n<td>\u00a0Salmane, I. 2015. S\u016bc augu sulas virs un zem zemes. D\u0101rzs un Drava 3\u20134(664\u2013665): 49\u201350.<\/td>\n<\/tr>\n<tr>\n<td>32.<\/td>\n<td>\u00a0Treikale O. 2015. Vai iesp\u0113jams ierobe\u017eot cieto melnplauku biolo\u0123iskaj\u0101 saimniec\u012bb\u0101? Agrotops 8:<br \/>\n30\u201331.<\/td>\n<\/tr>\n<tr>\n<td>33.<\/td>\n<td>\u00a0Vigule Z., Granti\u0146a-Ievi\u0146a L. 2015. Kas ir kartupe\u013cu antraknoze? Agrotops 6: 30\u201331.<\/td>\n<\/tr>\n<tr>\n<td>34.<\/td>\n<td>\u00a0Vigule Z., Treikale O. 2015. Kartupe\u013cu oosporoze \u201cgumijas puve\u201d. Agrotops 7: 32\u201333.<\/td>\n<\/tr>\n<tr>\n<td>35.<\/td>\n<td>\u00a0Vilc\u0101ne J. 2015. Kr\u016bmmelle\u0146u kaites \u2013 ievest\u0101s un pa\u0161m\u0101ju. D\u0101rzs un Drava 9\u201310: 52\u201354.<\/td>\n<\/tr>\n<tr>\n<td>36.<\/td>\n<td>\u00a0Vilc\u0101ne J., Jakobija I. 2015. Aug\u013cu koku v\u0113\u017ea ierobe\u017eo\u0161anai \u2013 progno\u017eu modelis. Agrotops 10: 66\u201367.<\/td>\n<\/tr>\n<\/tbody>\n<\/table>\n<p><\/p>","protected":false},"excerpt":{"rendered":"<p>Scientific publications 2015 Original articles in anonymously refereed scientific journals cited in Thomson Reuters Web of Science, SCOPUS 1. Salmane I. 2015. Effect of agrotechnical measures and cultivars on seasonal dynamics of Tetranychus urticae Koch (Acari, Tetranychidae) on the high tunnel-cultivated garden strawberries in temperate climatic conditions. Proceedings of the Latvian Academy of Sciences B [&hellip;]<\/p>\n","protected":false},"author":2,"featured_media":0,"parent":147,"menu_order":0,"comment_status":"closed","ping_status":"closed","template":"index.php","meta":[],"_links":{"self":[{"href":"https:\/\/old.laapc.lv\/en\/wp-json\/wp\/v2\/pages\/1074"}],"collection":[{"href":"https:\/\/old.laapc.lv\/en\/wp-json\/wp\/v2\/pages"}],"about":[{"href":"https:\/\/old.laapc.lv\/en\/wp-json\/wp\/v2\/types\/page"}],"author":[{"embeddable":true,"href":"https:\/\/old.laapc.lv\/en\/wp-json\/wp\/v2\/users\/2"}],"replies":[{"embeddable":true,"href":"https:\/\/old.laapc.lv\/en\/wp-json\/wp\/v2\/comments?post=1074"}],"version-history":[{"count":11,"href":"https:\/\/old.laapc.lv\/en\/wp-json\/wp\/v2\/pages\/1074\/revisions"}],"predecessor-version":[{"id":2986,"href":"https:\/\/old.laapc.lv\/en\/wp-json\/wp\/v2\/pages\/1074\/revisions\/2986"}],"up":[{"embeddable":true,"href":"https:\/\/old.laapc.lv\/en\/wp-json\/wp\/v2\/pages\/147"}],"wp:attachment":[{"href":"https:\/\/old.laapc.lv\/en\/wp-json\/wp\/v2\/media?parent=1074"}],"curies":[{"name":"wp","href":"https:\/\/api.w.org\/{rel}","templated":true}]}}