{"id":1547,"date":"2016-02-12T14:57:00","date_gmt":"2016-02-12T12:57:00","guid":{"rendered":"https:\/\/old.laapc.lv\/?page_id=1547"},"modified":"2021-05-27T14:18:06","modified_gmt":"2021-05-27T12:18:06","slug":"2016-gada-publikacijas","status":"publish","type":"page","link":"https:\/\/old.laapc.lv\/en\/publikacijas\/2016-gada-publikacijas\/","title":{"rendered":"Publications 2016"},"content":{"rendered":"<p><\/p>\n<h4>Scientific publications 2016<\/h4>\n<h6>Original articles in anonymously refereed scientific journals cited in<em> Thomson Reuters Web of Science<\/em>, SCOPUS<\/h6>\n<table id=\"purchase\" style=\"height: 89px;\" width=\"746\">\n<tbody>\n<tr>\n<td width=\"30px\">1.<\/td>\n<td>Bumane S., Platace R., Poisa L., Adamovics A. (2016) Analysis of reed canary grass chemical content. 15 th International Scientific Conference \u201cEngineering for Rural Development\u201d, 25.-27.05.2016, Jelgava, LATVIA. 923-927.<\/td>\n<\/tr>\n<tr>\n<td>2.<\/td>\n<td>Poisa L., Bumane S., Cubars E., Antipova L. (2016) Hemp quality parameters for bioenergy-impact of nitrogen fertilization.\u00a0 15 th International Scientific Conference \u201cEngineering for Rural Development\u201d, 25.-27.05.2016, Jelgava, LATVIA. 928-933.<\/td>\n<\/tr>\n<\/tbody>\n<\/table>\n<h6>Other scientific publications<\/h6>\n<table id=\"purchase\" style=\"height: 301px;\" width=\"747\">\n<tbody>\n<tr>\n<td width=\"30px\">1.<\/td>\n<td>\u0145e\u010dajeva J., Zari\u0146a L., Zute S. B\u012bstamo \u012bsm\u016b\u017ea viend\u012bg\u013clapju nez\u0101\u013cu izplat\u012bba Latvijas teritorij\u0101. LLU zin\u0101tniski-praktisk\u0101s konferences \u201cL\u012bdzsvarota lauksaimniec\u012bba \u2033 raksti. [25.-26.02.2016]. LLU, Jelgava pp. 117.-121.<\/td>\n<\/tr>\n<tr>\n<td>2.<\/td>\n<td>Jakobija I., Vilc\u0101ne J. (2016). Aug\u013cu koku v\u0113\u017ea izplat\u012bbas Latvijas aug\u013cu d\u0101rzos. Zin\u0101tniski praktisk\u0101 konference \u201cL\u012bdzsvarota lauksaimniec\u012bba\u201d raksti. [25.-26.02.2016]; Jelgava, Latvija. lpp. 125.-130.<\/td>\n<\/tr>\n<tr>\n<td>3.<\/td>\n<td>Jansone I., Zute S., Treikale O. P\u0101k\u0161augi biolo\u0123iskaj\u0101 saimnieko\u0161anas sist\u0113m\u0101. Zin\u0101tniski praktisk\u0101 konference \u201cL\u012bdzsvarota lauksaimniec\u012bba\u201d raksti. [25.-26.02.2016]; Jelgava, Latvija. lpp. 35-39.<\/td>\n<\/tr>\n<tr>\n<td>4.<\/td>\n<td>Bankina B., Javoi\u0161a B., Ru\u017ea A., Bim\u0161teine G., Paulovska L. Kvie\u0161u lapu slim\u012bbu att\u012bst\u012bba atkar\u012bba no sl\u0101pek\u013ca norm\u0101m. Zin\u0101tniski praktisk\u0101 konference \u201cL\u012bdzsvarota lauksaimniec\u012bba\u201d raksti. [25.-26.02.2016]; Jelgava, Latvija. lpp. 17-21.<\/td>\n<\/tr>\n<tr>\n<td>5.<\/td>\n<td>Bankina B., Ru\u017ea A., Bim\u0161teine G., Neusa-Luca I. Pavlovi\u010da O., Ka\u0146eps J. Ziemas kvie\u0161u stiebra pamatnes un sak\u0146u puve un t\u0101s ierosin\u0101t\u0101ji Zin\u0101tniski praktisk\u0101 konference \u201cL\u012bdzsvarota lauksaimniec\u012bba\u201d raksti. [25.-26.02.2016]; Jelgava, Latvija. lpp. 22- 26.<\/td>\n<\/tr>\n<\/tbody>\n<\/table>\n<h6>Conference theses<\/h6>\n<table id=\"purchase\" style=\"height: 1039px;\" width=\"746\">\n<tbody>\n<tr>\n<td width=\"30px\">1.<\/td>\n<td>Lapi\u0146\u0161 D., Mint\u0101le Z., Piliksere D.<sub>, <\/sub>Ma\u013cecka S. \u0145e\u010dajeva J. (2016). Information and some results on weed monitoring in the regions of Latvia. 20th Baltic Agronomy Forum, Book of Abstracts. p. 34.<\/td>\n<\/tr>\n<tr>\n<td>2.<\/td>\n<td>Necajeva J., Mintale Z., Piliksere D., Malecka S., Lapins D., Sanzarevska R., Putniece G., Spurina L., Curiske J., Dudele I. (2016). Effect of herbicide use and field management on weed density in cereal fields in Latvia. Proceedings of 7th International Weed Science Congress, June 19-25 2016, Prague.<\/td>\n<\/tr>\n<tr>\n<td>3.<\/td>\n<td>Spurina L., Necajeva J., Mintale Z. (2016). Effect of crop sequence on changes of weed species composition and density in arable fields in the southeastern part of Latvia. Proceedings of International Scientific and Practical Conference \u201cState and perspectives of plant protection\u201d May 17-19, 2016 Priluki, Belarus. pp. 182-184.<\/td>\n<\/tr>\n<tr>\n<td>4.<\/td>\n<td>\u0145e\u010dajeva J., Bleidere M., Jansone Z., Stirna L., B\u016bmane S. (2016). Germination parameters and seed dormancy in different populations of Avena fatua in Latvia. ISTA Seed Symposium Abstracts, 31st Congress, p.39.<\/td>\n<\/tr>\n<tr>\n<td>5.<\/td>\n<td>Piliksere D., Lapi\u0146\u0161 D., Ma\u013cecka S., \u0145e\u010dajeva J. (2016). The occurrence of weed species in arable fields in Latvia, as a function of crop rotation. Proceedings of 6th workshop of the EWRS working group Weeds and Biodiversity pp. 15.<\/td>\n<\/tr>\n<tr>\n<td>6.<\/td>\n<td>\u0418. \u042f\u043a\u043e\u0431\u0438\u044f, \u042e. \u0412\u0438\u043b\u0446\u0430\u043d\u0435 (2016) \u201cB\u043e\u0437\u043c\u043e\u0436\u043d\u043e\u0441\u0442\u044c \u043f\u0440\u043e\u0433\u043d\u043e\u0437\u0438\u0440\u043e\u0432\u0430\u043d\u0438\u044f \u0440\u0430\u043a\u0430 \u043f\u043b\u043e\u0434\u043e\u0432\u044b\u0445 \u0434\u0435\u0440\u0435\u0432\u044c\u0435\u0432 \u0432 \u044f\u0431\u043b\u043eh\u0435\u0432\u044b\u0445 \u0441\u0430\u0434\u0430\u0445 \u041b\u0430\u0442\u0432\u0438\u0438\u201d. B: M\u0435\u0436\u0434\u0443\u043d\u0430\u0440\u043e\u0434\u043da\u044f \u043d\u0430\u0443\u0447\u043d\u043e-\u043f\u0440\u0430\u043a\u0442\u0438\u0447\u0435\u0441\u043aa\u044f \u043a\u043e\u043d\u0444\u0435\u0440\u0435\u043d\u0446\u0438\u044f \u00ab\u0421\u043e\u0441\u0442\u043e\u044f\u043d\u0438\u0435 \u0438 \u043f\u0435\u0440\u0441\u043f\u0435\u043a\u0442\u0438\u0432\u044b \u0437\u0430\u0449\u0438\u0442\u044b \u0440\u0430\u0441\u0442\u0435\u043d\u0438\u0439\u00bb. \u0411\u0435\u043b\u0430\u0440\u0443\u0441\u044c, \u041fp\u0438\u043by\u043a\u0438, \u0420\u0423\u041f \u00ab\u0418\u043d\u0441\u0442\u0438\u0442\u0443\u0442 \u0437\u0430\u0449\u0438\u0442\u044b \u0440\u0430\u0441\u0442\u0435\u043d\u0438\u0439\u00bb [17.- 19. maijs, 2016]; Konferences rakstu kr\u0101jum\u0101.<\/td>\n<\/tr>\n<tr>\n<td>7.<\/td>\n<td>Jakobija I., Vilc\u0101ne J. (2016) Incidence and severity of apple canker in Latvian orchards. In: 3rd international scientific conference \u201eSustainable Fruit-Growing: From Plant to Product\u201d 4th European Workshop on Seabuckthorn EuroWorkS 2016, Riga-Dobele, [17\u201319 August 2016]; Konferences rakstu kr\u0101jum\u0101.<\/td>\n<\/tr>\n<tr>\n<td>\u00a08.<\/td>\n<td>Ranc\u0101ne R. (2016) Influence of temperature and wet periods on the development of apple and pear scab. In: 3rd international scientific conference \u201eSustainable Fruit-Growing: From Plant to Product\u201d 4th European Workshop on Seabuckthorn EuroWorkS 2016, Riga-Dobele, [17\u201319 August 2016]; Konferences rakstu kr\u0101jum\u0101.<\/td>\n<\/tr>\n<tr>\n<td>\u00a09.<\/td>\n<td>Ranc\u0101ne R., Granti\u0146a-Ievi\u0146a L., \u0112rgle G. (2016) Incidence of storage diseases on apple and pear cultivars. In: 3rd international scientific conference \u201eSustainable Fruit-Growing: From Plant to Product\u201d 4th European Workshop on Seabuckthorn EuroWorkS 2016, Riga-Dobele, [17\u201319 August 2016]; Konferences rakstu kr\u0101jum\u0101.<\/td>\n<\/tr>\n<tr>\n<td>\u00a010.<\/td>\n<td>Laura Ozoli\u0146a-Pole, Agnis \u0160mits, Ineta Salmane, Rinalds Ciematniek\u00b9, Zane Stri\u0137e, Ingars Sili\u0146\u0161. (2016) ASSESSMENT OF MAGTOXIN TB. FOR LOG INSECT PEST CONTROL (Abstract) Latvijas Universit\u0101tes 74. zin\u0101tnisk\u0101s konferences Biolo\u0123ijas sekcijas Zoolo\u0123ijas un dz\u012bvnieku ekolo\u0123ijas apak\u0161sekcija, 04.02.2016., R\u012bga, Latvija.<\/td>\n<\/tr>\n<tr>\n<td>\u00a011.<\/td>\n<td>Ralle B., Ozoli\u0146a-Pole L., Herz A., Penvern S., Warlop F, Porcel M., Tchamitchian M., Pfiffner L., Jamar L., Kruczy\u0144ska D., Korsgaard M., Kelderer M., Sigsgaard L. 2016. Functional agrobiodiversity (FAB) in apple pest management in Latvia: what do we know? In: RPD Abstracts \u201c3rd international scientific conference \u201eSustainable Fruit Growing: From Plant to Product\u201d and 4th European Workshop on Seabuckthorn EuroWorkS 2016\u201d, 2016, 17.-19.08.2016. Riga, Latvia Vol.2: 44.<\/td>\n<\/tr>\n<tr>\n<td>\u00a012.<\/td>\n<td>Laura Ozoli\u0146a-Pole 2016. Wood-booring insects damaging blackcurrant stems in Latvia (2013-2014) In: RPD Abstracts \u201c3rd international scientific conference \u201eSustainable Fruit Growing: From Plant to Product\u201d and 4th European Workshop on Seabuckthorn EuroWorkS 2016\u201d, 2016, 17.-19.08.2016., Riga, Latvia. Vol.2: 57.<\/td>\n<\/tr>\n<tr>\n<td>\u00a013.<\/td>\n<td>O. Treikale, L. Feodorova \u2013 Fedotova, Z. Vigule. Interaction between the severity of Zymoseptoria tritici and yield losses in winter wheat in Latvia. Abstracts, 9th International Symposium on Septoria Diseases of Cereals, \u00a07-9 April, 2016, Paris, France, p. 80.<\/td>\n<\/tr>\n<tr>\n<td>\u00a014.<\/td>\n<td>O. Treikale, Z. Vigule, J. Puga\u010dova, E.A. Brauna, L. Granti\u0146a-Ievi\u0146a. BIOLOGICAL CONTROL OF RHIZOCTONIA SOLANI ON POTATO WITH BACILLUS SUBTILIS. Comm. Appl. Biol. Sci, Ghent University, 81\/3: Proceedings 68th International Symposium on Crop Protection.<\/td>\n<\/tr>\n<tr>\n<td>\u00a015.<\/td>\n<td>E-A. Brauna, O. Treikale, B. Javoi\u0161a, L. Feodorova-Fedotova, K. Gulbis, S. Zute (2016) Foliar diseases of field beans (Vicia fabae L.) in Latvia. Comm. Appl. Biol. Sci, Ghent University, 81\/3: Proceedings 68th International Symposium on Crop Protection.<\/td>\n<\/tr>\n<tr>\n<td>\u00a016.<\/td>\n<td>\u0421. \u0411\u0443\u043c\u0430\u043d\u0435, \u041e. \u0422\u0440\u0435\u0439\u043a\u0430\u043b\u0435, \u0417. \u0412\u0438\u0433\u0443\u043b\u0435, \u0415. \u041d\u0435\u0447\u0430\u0435\u0432\u0430 (2016)\u00a0 \u0417\u043b\u0430\u043a\u043e\u0432\u044b\u0435 \u0441\u043e\u0440\u043d\u044f\u043a\u0438 &#8211; \u0438\u0441\u0442\u043e\u0447\u043d\u0438\u043a\u0438 \u0431\u043e\u043b\u0435\u0437\u043d\u0435\u0439\u00a0 \u043f\u0448\u0435\u043d\u0438\u0446\u044b. International Scientific and Practical Conference State and perspectives of plant protection. Baltkrievija, Priluki. 17.-19.05.2016..<\/td>\n<\/tr>\n<tr>\n<td>\u00a017.<\/td>\n<td>\u0421. \u0411\u0443\u043c\u0430\u043d\u0435, \u041e. \u0422\u0440\u0435\u0439\u043a\u0430\u043b\u0435, \u0417. \u0412\u0438\u0433\u0443\u043b\u0435, \u0415. \u041d\u0435\u0447\u0430\u0435\u0432\u0430 (2016)\u00a0 \u0417\u043b\u0430\u043a\u043e\u0432\u044b\u0435 \u0441\u043e\u0440\u043d\u044f\u043a\u0438 &#8211; \u0438\u0441\u0442\u043e\u0447\u043d\u0438\u043a\u0438 \u0431\u043e\u043b\u0435\u0437\u043d\u0435\u0439\u00a0 \u043f\u0448\u0435\u043d\u0438\u0446\u044b. State and Perspectives of Plant Protection. Materials of the International scientific conference, dedicated to the 45th Anniversary of the Institute of Plant Protection Foundation (Minsk-Priluki, 17-19 May, 2016), pp. 210-211.<\/td>\n<\/tr>\n<\/tbody>\n<\/table>\n<h4>Publications in popular science journals 2016<\/h4>\n<table id=\"purchase\" style=\"height: 594px;\" width=\"746\">\n<tbody>\n<tr>\n<td width=\"30px\">1.<\/td>\n<td>Jakobija I., \u0112rgle G. (2016) Ar ko 2015.\u00a0gad\u0101 slimoja k\u0101posti? Saimnieks, Nr. 2 (140): 62.-66. lpp<\/td>\n<\/tr>\n<tr>\n<td>2.<\/td>\n<td>Ranc\u0101ne R., Ozoli\u0146as-Pole L. (2016) RIMpro izmanto\u0161anas iesp\u0113jas. AgroTops, Nr. 5(225), 82.-83. lpp.<\/td>\n<\/tr>\n<tr>\n<td>3.<\/td>\n<td>Ranc\u0101ne R. (2016) K\u0101d\u0113\u013c nedab\u016bjam nogar\u0161ot bumbierus? D\u0101rzs un Drava, Nr. 11-12 (684-685): 40.-41. lpp<\/td>\n<\/tr>\n<tr>\n<td>4.<\/td>\n<td>Ralle B. 2016. Pirmie kait\u0113k\u013ci pavasar\u012b. \u2013 D\u0101rzs un Drava, 1-2 (674-675): 48-50.<\/td>\n<\/tr>\n<tr>\n<td>5.<\/td>\n<td>Ralle B. 2016. Funkcion\u0101l\u0101 agrobiolo\u0123isk\u0101 daudzveid\u012bba \u2013 kas tas ir?. \u2013 D\u0101rzs un Drava, 3-4 (676-677): 48-49.<\/td>\n<\/tr>\n<tr>\n<td>6.<\/td>\n<td>Ozoli\u0146a-Pole L., Ranc\u0101ne R. RIMpro izmanto\u0161anas iesp\u0113jas. \u2013 Agro tops, 4 (224): 82-83.<\/td>\n<\/tr>\n<tr>\n<td>7.<\/td>\n<td>Ralle B. 2016. K\u0101di kait\u0113k\u013ci uzbr\u016bk \u0137ir\u0161iem? \u2013 D\u0101rzs un Drava, 5-6 (678-679): 46-47.<\/td>\n<\/tr>\n<tr>\n<td>8.<\/td>\n<td>Ralle B. 2016. K\u0101postu kait\u0113k\u013ci visb\u012bstam\u0101kie ir jauniem augiem \u2013 D\u0101rzs un Drava, 7-8 (680-681): 49-50.<\/td>\n<\/tr>\n<tr>\n<td>9.<\/td>\n<td>Ralle B. 2016. Profilaktiskie pas\u0101kumi pret kait\u0113k\u013ciem ruden\u012b. &#8211; D\u0101rzs un Drava, 9-10 (682-683): 42-43.<\/td>\n<\/tr>\n<tr>\n<td>10.<\/td>\n<td>B\u016bmane S. (2016) GAN\u012aBU AIRENE \u2013 tipisks gan\u012bbu augs. \u201cAGRO TOPS bibliot\u0113ka 2016\u201d. Marts, 23.\u201326. lpp.<\/td>\n<\/tr>\n<tr>\n<td>11.<\/td>\n<td>B\u016bmane S. (2016) P\u013bAVAS AUZENE \u2013 stabils zelme\u0146a komponents. \u201cAGRO TOPS bibliot\u0113ka 2016\u201d. Marts, 27.\u201330. lpp.<\/td>\n<\/tr>\n<tr>\n<td>12.<\/td>\n<td>B\u016bmane S. (2016) P\u013cavas skarene. \u201cAGRO TOPS bibliot\u0113ka 2016\u201d. Marts, 30.\u201331. lpp.<\/td>\n<\/tr>\n<tr>\n<td>13.<\/td>\n<td>B\u016bmane S. (2016) Vasaras jeb s\u0113jas v\u012b\u0137u audz\u0113\u0161ana. \u201cAGRO TOPS bibliot\u0113ka 2016\u201d. Marts, 57.\u201360. lpp.<\/td>\n<\/tr>\n<tr>\n<td>14.<\/td>\n<td>B\u016bmane S., V\u012bgule Z. (2016) Nez\u0101\u013cu s\u0113klas \u2013 kvie\u0161u slim\u012bbu ierosin\u0101t\u0101ji. \u201cAGRO TOPS\u201d Iesniegts.<\/td>\n<\/tr>\n<tr>\n<td>15.<\/td>\n<td>Treikale, E.-A. Brauna, S. Zute (2016) Pupu slim\u012bbas, \u201cSaimnieks\u201d, Nr. 2 (140), lpp. 50-52.<\/td>\n<\/tr>\n<tr>\n<td>16.<\/td>\n<td>Zute, O. Treikale (2016) Lauku pupas Stend\u0113\u00a0 \u2013 jaun\u0101kie dati par ra\u017e\u012bbu un slim\u012bbu iztur\u012bbu \u201cAgroTops\u201d (iesniegts)<\/td>\n<\/tr>\n<tr>\n<td>17.<\/td>\n<td>El\u012bna-Anna Brauna (2016) \u201cLauka pupu slim\u012bbas, kas izplat\u0101s ar s\u0113kl\u0101m\u201d Agro Tops, 2016, 4, lpp. 36-37.<\/td>\n<\/tr>\n<tr>\n<td>18.<\/td>\n<td>Vigule. Kodin\u0101ta s\u0113kla samazina infekciju risku. Agro Tops, augusts Nr.8 (228, \u00a024-28 lpp)<\/td>\n<\/tr>\n<tr>\n<td>19.<\/td>\n<td>Vigule. Kartupe\u013ca kraupja veidi. Agro Tops, j\u016blijs Nr.7(227), 24-26 lpp<\/td>\n<\/tr>\n<tr>\n<td>20.<\/td>\n<td>Vigule. Vai Balt\u0101 puve apdraud kartupe\u013cus? Agro Tops, \u00a0maijs Nr. 5 (225), 32 lpp<\/td>\n<\/tr>\n<tr>\n<td>21.<\/td>\n<td>B\u016bmane S., V\u012bgule Z., \u0145e\u010daeva J. Nez\u0101les \u2013 slim\u012bbu p\u0101rn\u0113s\u0101t\u0101jas kvie\u0161u s\u0113jumos. Agro Tops 5, (225) Maijs 2016, lpp. 28-29.<\/td>\n<\/tr>\n<tr>\n<td>22.<\/td>\n<td>Treikale. Post\u012bg\u0101k\u0101s slim\u012bbas \u2013 dzeltenplankumain\u012bba un dzelten\u0101 r\u016bsa. Agro Tops, Novembris Nr. 11 (231, \u00a024.-26. lpp.).<\/td>\n<\/tr>\n<tr>\n<td>23.<\/td>\n<td>Feodorova-Fedotova. Dzelten\u0101 r\u016bsa \u2013 biolo\u0123isk\u0101s \u012bpatn\u012bbas un post\u012bguma faktori. Agro Tops, Decembris Nr. 12 (231, \u00a020.-21. lpp.).<\/td>\n<\/tr>\n<tr>\n<td>24.<\/td>\n<td>\u0145e\u010dajeva J., Mint\u0101le Z., Zute S. (2016). J\u016bnijs \u2013 piev\u0113r\u0161am \u012bpa\u0161u uzman\u012bbu v\u0113jauz\u0101m! AgroTops, Nr. 6 (226), 32. &#8211; 35. lpp.<\/td>\n<\/tr>\n<\/tbody>\n<\/table>\n<p><\/p>","protected":false},"excerpt":{"rendered":"<p>Scientific publications 2016 Original articles in anonymously refereed scientific journals cited in Thomson Reuters Web of Science, SCOPUS 1. Bumane S., Platace R., Poisa L., Adamovics A. (2016) Analysis of reed canary grass chemical content. 15 th International Scientific Conference \u201cEngineering for Rural Development\u201d, 25.-27.05.2016, Jelgava, LATVIA. 923-927. 2. Poisa L., Bumane S., Cubars E., [&hellip;]<\/p>\n","protected":false},"author":2,"featured_media":0,"parent":147,"menu_order":0,"comment_status":"closed","ping_status":"closed","template":"index.php","meta":[],"_links":{"self":[{"href":"https:\/\/old.laapc.lv\/en\/wp-json\/wp\/v2\/pages\/1547"}],"collection":[{"href":"https:\/\/old.laapc.lv\/en\/wp-json\/wp\/v2\/pages"}],"about":[{"href":"https:\/\/old.laapc.lv\/en\/wp-json\/wp\/v2\/types\/page"}],"author":[{"embeddable":true,"href":"https:\/\/old.laapc.lv\/en\/wp-json\/wp\/v2\/users\/2"}],"replies":[{"embeddable":true,"href":"https:\/\/old.laapc.lv\/en\/wp-json\/wp\/v2\/comments?post=1547"}],"version-history":[{"count":6,"href":"https:\/\/old.laapc.lv\/en\/wp-json\/wp\/v2\/pages\/1547\/revisions"}],"predecessor-version":[{"id":2987,"href":"https:\/\/old.laapc.lv\/en\/wp-json\/wp\/v2\/pages\/1547\/revisions\/2987"}],"up":[{"embeddable":true,"href":"https:\/\/old.laapc.lv\/en\/wp-json\/wp\/v2\/pages\/147"}],"wp:attachment":[{"href":"https:\/\/old.laapc.lv\/en\/wp-json\/wp\/v2\/media?parent=1547"}],"curies":[{"name":"wp","href":"https:\/\/api.w.org\/{rel}","templated":true}]}}